{"id":464,"date":"2017-01-15T13:50:14","date_gmt":"2017-01-15T13:50:14","guid":{"rendered":"http:\/\/rentabilitet.dk\/opgaver\/?page_id=464"},"modified":"2017-01-15T13:50:14","modified_gmt":"2017-01-15T13:50:14","slug":"1960erne","status":"publish","type":"page","link":"https:\/\/rentabilitet.dk\/opgaver\/dansk-notater\/1960erne\/","title":{"rendered":"1960&#8217;erne"},"content":{"rendered":"<p><b>1960\u2019erne<\/b><\/p>\n<ol>\n<li><b>Beskriv 1960\u2019ernes samfund<\/b><\/li>\n<\/ol>\n<p>Samfundet var i h\u00f8jkonjunktur, de glade 60\u2019ere.<\/p>\n<p>Fuld besk\u00e6ftigelse, stigende l\u00f8nninger og st\u00f8rre eftersp\u00f8rgsel efter forbrugsvarer.<\/p>\n<p>Den \u00f8gede industrialisering gjorde at folk flyttede til byerne(urbanisering), hvor parcelhuse og boligblokke sk\u00f8d op.<\/p>\n<p><b>\u00a0<\/b><\/p>\n<ol>\n<li><b>Hvilke fordele havde velstanden?<\/b><\/li>\n<\/ol>\n<p>Den almene borger fik r\u00e5d til ting som bil, k\u00f8leskab, fjernsyn, st\u00f8vsuger, charterrejser osv. Ting der vel \u00f8gede levestandarden.<\/p>\n<p>Folk kunne udleve deres dr\u00f8m om at eje egen bolig.<\/p>\n<p><b>\u00a0<\/b><\/p>\n<ol>\n<li><b>Hvilke de negative konsekvenser har velstanden for mennesket?<\/b><\/li>\n<\/ol>\n<p>Folk bliver mere materialistiske.<\/p>\n<p>Nogle mente at det moderne liv med forbrugsgoder kunne f\u00f8re til en tomhedsf\u00f8lelse og\/eller mangel p\u00e5 identitet.<\/p>\n<p>Folk f\u00f8lte sig fremmedgjorte.<\/p>\n<p><b>\u00a0<\/b><\/p>\n<ol>\n<li><b>Forklar hvad fremmedg\u00f8relse betyder?<\/b><\/li>\n<\/ol>\n<p>N\u00e5r man ikke f\u00f8ler sig godt tilpas i sin hverdag, og ikke oplever en sammenh\u00e6ng i tingene, alts\u00e5 f\u00f8ler man sig fremmed for sig selv og sin omverden. Man f\u00f8ler sig isoleret eller mangler engagement i sit liv.<\/p>\n<p>Kan ogs\u00e5 opst\u00e5 hvis man f\u00e5r en f\u00f8lelse af magtesl\u00f8shed over for sin situation.<\/p>\n<p><b>\u00a0<\/b><\/p>\n<ol>\n<li><b>Hvordan skrev man i 1960\u2019erne?<\/b><\/li>\n<\/ol>\n<p>Der var to stilarter:<\/p>\n<p><b>Modernistisk<\/b>, forfatterne satte sp\u00f8rgsm\u00e5lstegn ved materialismen, ensrettetheden og hele meningen med livet. Dvs. de satte sp\u00f8rgsm\u00e5lstegn ved den m\u00e5de man oplevede verden p\u00e5.<\/p>\n<p><b>Realistisk<\/b>, forfatterne skrev med fokus p\u00e5, hvordan det nye samfund, milj\u00f8 og vaner p\u00e5virkede menneskets dagligdag. Alts\u00e5 satte de sp\u00f8rgsm\u00e5lstegn ved den m\u00e5de man levede i verden p\u00e5.<\/p>\n<p>&nbsp;<\/p>\n<p>F\u00e6lles for dem var oplevelsen af det fremmedgjorte menneske og en kritik af det rutinepr\u00e6gede forbrugersamfund. <b>\u00a0\u00a0<\/b><\/p>\n<p><b>\u00a0<\/b><\/p>\n<ol>\n<li><b>Hvad kendetegner den litter\u00e6re retning \u2019nyrealisme\u2019?<\/b><\/li>\n<\/ol>\n<p>Realistiske tekster som omhandler den konkrete og genkendelige virkelighed.<\/p>\n<p>Emnerne er is\u00e6r fremmedg\u00f8relse, ensomhed og tidens \u00e6ndringer i familieformer og boligformer.<\/p>\n<p>Besk\u00e6ftiger sig med den nye middelklasse som vokser frem i 1960\u2019erne.<\/p>\n<p>Har fokus p\u00e5 hvordan der moderne liv p\u00e5virker mennesker psykologisk og socialt.<\/p>\n<p><b>\u00a0<\/b><\/p>\n<ol>\n<li><b>Hvilke tanker og ideer kom frem i ungdomsopr\u00f8ret i slutningen af 1960\u2019erne?<\/b><\/li>\n<\/ol>\n<p>Livet skulle ikke bare v\u00e6re rigt i \u00f8konomisk forstand, det skulle ogs\u00e5 v\u00e6re rigt p\u00e5 oplevelser og mening.<\/p>\n<p>De unge vendte sig imod deres for\u00e6ldres regelrette og ensformige liv, og fors\u00f8gte i stedet at leve alternativt og realisere sig selv. Derved gjorde de op med tidligere tiders normer og forventninger.<\/p>\n<p>Man troede p\u00e5 fred, fri k\u00e6rlighed og det socialistiske samfund. Alt lige fra seksualitet til stoffer og musik skulle v\u00e6re frit.<\/p>\n<p>Flippere, hippier, blomsterb\u00f8rn og politisk revolution\u00e6re<\/p>\n<p>&nbsp;<\/p>\n<p>&nbsp;<\/p>\n<p><b>Klaus Rifbjerg<\/b><\/p>\n<ul>\n<li>Modernistisk\n<ul>\n<li>Det er blevet os p\u00e5lagt<\/li>\n<\/ul>\n<\/li>\n<\/ul>\n<ul>\n<li>Realistisk\n<ul>\n<li>Den kroniske uskyld(roman)<\/li>\n<\/ul>\n<\/li>\n<ul>\n<li>Badeanstalten<\/li>\n<\/ul>\n<\/ul>\n<p>&nbsp;<\/p>\n<p><b>Fra realisme til nyrealisme<\/b><\/p>\n<p>&nbsp;<\/p>\n<p>Forfatterne vil skrive<\/p>\n<ul>\n<li>Realistisk<\/li>\n<li>Forst\u00e5eligt<\/li>\n<li>Vedkommende<\/li>\n<\/ul>\n<ul>\n<li>Krisen i kernefamilien<\/li>\n<\/ul>\n<ul>\n<li>K\u00f8nsroller<\/li>\n<li>De nye mellemlag(middelklasse)<\/li>\n<\/ul>\n<ul>\n<li>Nye livsproblemer<\/li>\n<\/ul>\n<ul>\n<li>Livet i forst\u00e6derne<\/li>\n<li>Utroskab<\/li>\n<\/ul>\n<ul>\n<li>Konebytning<\/li>\n<li>Kedsomhed<\/li>\n<\/ul>\n<p>&nbsp;<\/p>\n<p>Overordnet<\/p>\n<ul>\n<li>Centralt tema\n<ul>\n<li><b>Fremmedg\u00f8relse<\/b>\n<ul>\n<li>N\u00e5r mennesket f\u00f8ler at det ikke har indflydelse p\u00e5 sit eget liv, men lader sig f\u00f8re af ydre faktorer<\/li>\n<\/ul>\n<\/li>\n<\/ul>\n<\/li>\n<ul>\n<li><b>Anonymisering<\/b><\/li>\n<\/ul>\n<\/ul>\n<p>&nbsp;<\/p>\n<p>Repr\u00e6sentanter for nyrealismen er forfattere som<\/p>\n<ul>\n<li><b>Anders<\/b> <b>Bodelsen<\/b>\n<ul>\n<li>&#8220;Signalet&#8221;<\/li>\n<\/ul>\n<\/li>\n<ul>\n<li>Nye mellemlagsrealisme<\/li>\n<\/ul>\n<\/ul>\n<ul>\n<li><b>Christian<\/b> <b>Kampmann<\/b>\n<ul>\n<li>&#8220;L\u00f8srivelsen&#8221;<\/li>\n<li>Skildrer strandvejsmilj\u00f8et som han selv stammer fra<\/li>\n<li>Fx romanserien Familien Gregersen<\/li>\n<\/ul>\n<\/li>\n<ul>\n<li>Skriver om og kommer fra fine\/gamle familier<\/li>\n<li>Kampmann: udvikling fra familiefar til homoseksuel<\/li>\n<\/ul>\n<ul>\n<li>Skrev om \u00e6ndrede normer for seksualmoral<\/li>\n<\/ul>\n<\/ul>\n<ul>\n<li><b>Martha<\/b> <b>Christensen<\/b>\n<ul>\n<li>Socialrealisme<\/li>\n<\/ul>\n<\/li>\n<ul>\n<li>Psykologiske personbeskrivelser<\/li>\n<\/ul>\n<\/ul>\n<ul>\n<li><b>Leif<\/b> <b>Panduro<\/b><\/li>\n<\/ul>\n<ul>\n<li>Tv-dramatik, &#8220;et godt liv&#8221;<\/li>\n<\/ul>\n\n","protected":false},"excerpt":{"rendered":"<p>1960\u2019erne Beskriv 1960\u2019ernes samfund Samfundet var i h\u00f8jkonjunktur, de glade 60\u2019ere. Fuld besk\u00e6ftigelse, stigende l\u00f8nninger og st\u00f8rre eftersp\u00f8rgsel efter forbrugsvarer. Den \u00f8gede industrialisering gjorde at folk flyttede til byerne(urbanisering), hvor parcelhuse og boligblokke sk\u00f8d op. \u00a0 Hvilke fordele havde velstanden? Den almene borger fik r\u00e5d til ting som bil, k\u00f8leskab, fjernsyn, st\u00f8vsuger, charterrejser osv. Ting<a class=\"moretag\" href=\"https:\/\/rentabilitet.dk\/opgaver\/dansk-notater\/1960erne\/\"><span class=\"screen-reader-text\">L\u00e6s mere om1960&#8217;erne<\/span>[&#8230;]<\/a><\/p>\n","protected":false},"author":1,"featured_media":0,"parent":33,"menu_order":0,"comment_status":"closed","ping_status":"closed","template":"","meta":[],"yoast_head":"<!-- This site is optimized with the Yoast SEO plugin v16.5 - https:\/\/yoast.com\/wordpress\/plugins\/seo\/ -->\n<title>1960&#039;erne - HHX opgaver og notater<\/title>\n<meta name=\"robots\" content=\"index, follow, max-snippet:-1, max-image-preview:large, max-video-preview:-1\" \/>\n<link rel=\"canonical\" href=\"https:\/\/rentabilitet.dk\/opgaver\/dansk-notater\/1960erne\/\" \/>\n<meta property=\"og:locale\" content=\"da_DK\" \/>\n<meta property=\"og:type\" content=\"article\" \/>\n<meta property=\"og:title\" content=\"1960&#039;erne - HHX opgaver og notater\" \/>\n<meta property=\"og:description\" content=\"1960\u2019erne Beskriv 1960\u2019ernes samfund Samfundet var i h\u00f8jkonjunktur, de glade 60\u2019ere. Fuld besk\u00e6ftigelse, stigende l\u00f8nninger og st\u00f8rre eftersp\u00f8rgsel efter forbrugsvarer. Den \u00f8gede industrialisering gjorde at folk flyttede til byerne(urbanisering), hvor parcelhuse og boligblokke sk\u00f8d op. \u00a0 Hvilke fordele havde velstanden? Den almene borger fik r\u00e5d til ting som bil, k\u00f8leskab, fjernsyn, st\u00f8vsuger, charterrejser osv. TingL\u00e6s mere om1960&#8217;erne[...]\" \/>\n<meta property=\"og:url\" content=\"https:\/\/rentabilitet.dk\/opgaver\/dansk-notater\/1960erne\/\" \/>\n<meta property=\"og:site_name\" content=\"HHX opgaver og notater\" \/>\n<meta name=\"twitter:card\" content=\"summary\" \/>\n<meta name=\"twitter:label1\" content=\"Estimeret l\u00e6setid\" \/>\n\t<meta name=\"twitter:data1\" content=\"3 minutter\" \/>\n<script type=\"application\/ld+json\" class=\"yoast-schema-graph\">{\"@context\":\"https:\/\/schema.org\",\"@graph\":[{\"@type\":\"WebSite\",\"@id\":\"https:\/\/rentabilitet.dk\/opgaver\/#website\",\"url\":\"https:\/\/rentabilitet.dk\/opgaver\/\",\"name\":\"HHX opgaver og notater\",\"description\":\"F\\u00e5 adgang til 12-tals opgaver samt notater fra forhenv\\u00e6rende hhx elever. Helt gratis.\",\"potentialAction\":[{\"@type\":\"SearchAction\",\"target\":\"https:\/\/rentabilitet.dk\/opgaver\/?s={search_term_string}\",\"query-input\":\"required name=search_term_string\"}],\"inLanguage\":\"da-DK\"},{\"@type\":\"WebPage\",\"@id\":\"https:\/\/rentabilitet.dk\/opgaver\/dansk-notater\/1960erne\/#webpage\",\"url\":\"https:\/\/rentabilitet.dk\/opgaver\/dansk-notater\/1960erne\/\",\"name\":\"1960'erne - HHX opgaver og notater\",\"isPartOf\":{\"@id\":\"https:\/\/rentabilitet.dk\/opgaver\/#website\"},\"datePublished\":\"2017-01-15T13:50:14+00:00\",\"dateModified\":\"2017-01-15T13:50:14+00:00\",\"breadcrumb\":{\"@id\":\"https:\/\/rentabilitet.dk\/opgaver\/dansk-notater\/1960erne\/#breadcrumb\"},\"inLanguage\":\"da-DK\",\"potentialAction\":[{\"@type\":\"ReadAction\",\"target\":[\"https:\/\/rentabilitet.dk\/opgaver\/dansk-notater\/1960erne\/\"]}]},{\"@type\":\"BreadcrumbList\",\"@id\":\"https:\/\/rentabilitet.dk\/opgaver\/dansk-notater\/1960erne\/#breadcrumb\",\"itemListElement\":[{\"@type\":\"ListItem\",\"position\":1,\"name\":\"Hjem\",\"item\":\"https:\/\/rentabilitet.dk\/opgaver\/\"},{\"@type\":\"ListItem\",\"position\":2,\"name\":\"Dansk notater\",\"item\":\"https:\/\/rentabilitet.dk\/opgaver\/dansk-notater\/\"},{\"@type\":\"ListItem\",\"position\":3,\"name\":\"1960&#8217;erne\"}]}]}<\/script>\n<!-- \/ Yoast SEO plugin. -->","_links":{"self":[{"href":"https:\/\/rentabilitet.dk\/opgaver\/wp-json\/wp\/v2\/pages\/464"}],"collection":[{"href":"https:\/\/rentabilitet.dk\/opgaver\/wp-json\/wp\/v2\/pages"}],"about":[{"href":"https:\/\/rentabilitet.dk\/opgaver\/wp-json\/wp\/v2\/types\/page"}],"author":[{"embeddable":true,"href":"https:\/\/rentabilitet.dk\/opgaver\/wp-json\/wp\/v2\/users\/1"}],"replies":[{"embeddable":true,"href":"https:\/\/rentabilitet.dk\/opgaver\/wp-json\/wp\/v2\/comments?post=464"}],"version-history":[{"count":1,"href":"https:\/\/rentabilitet.dk\/opgaver\/wp-json\/wp\/v2\/pages\/464\/revisions"}],"predecessor-version":[{"id":465,"href":"https:\/\/rentabilitet.dk\/opgaver\/wp-json\/wp\/v2\/pages\/464\/revisions\/465"}],"up":[{"embeddable":true,"href":"https:\/\/rentabilitet.dk\/opgaver\/wp-json\/wp\/v2\/pages\/33"}],"wp:attachment":[{"href":"https:\/\/rentabilitet.dk\/opgaver\/wp-json\/wp\/v2\/media?parent=464"}],"curies":[{"name":"wp","href":"https:\/\/api.w.org\/{rel}","templated":true}]}}