{"id":462,"date":"2017-01-15T13:49:57","date_gmt":"2017-01-15T13:49:57","guid":{"rendered":"http:\/\/rentabilitet.dk\/opgaver\/?page_id=462"},"modified":"2017-01-15T13:49:57","modified_gmt":"2017-01-15T13:49:57","slug":"min-krig-dokumentar","status":"publish","type":"page","link":"https:\/\/rentabilitet.dk\/opgaver\/dansk-notater\/min-krig-dokumentar\/","title":{"rendered":"Min krig &#8211; dokumentar"},"content":{"rendered":"<ul style=\"margin-left: .375in; direction: ltr; unicode-bidi: embed; margin-top: 0in; margin-bottom: 0in;\" type=\"disc\">\n<li style=\"margin-top: 0; margin-bottom: 0; vertical-align: middle;\"><span style=\"font-family: Calibri; font-size: 11.0pt;\">Fakta om virkeligheden, information, oplevelsesmulighed<\/span><\/li>\n<\/ul>\n<ul style=\"margin-left: .375in; direction: ltr; unicode-bidi: embed; margin-top: 0in; margin-bottom: 0in;\" type=\"disc\">\n<li style=\"margin-top: 0; margin-bottom: 0; vertical-align: middle;\"><span style=\"font-family: Calibri; font-size: 11.0pt;\">Iscenesat virkelighed<\/span><\/li>\n<\/ul>\n<ul style=\"margin-left: .375in; direction: ltr; unicode-bidi: embed; margin-top: 0in; margin-bottom: 0in;\" type=\"disc\">\n<li style=\"margin-top: 0; margin-bottom: 0; vertical-align: middle;\"><span style=\"font-family: Calibri; font-size: 11.0pt;\">Fakta + fiktion<\/span><\/li>\n<\/ul>\n<ul style=\"margin-left: .375in; direction: ltr; unicode-bidi: embed; margin-top: 0in; margin-bottom: 0in;\" type=\"disc\">\n<li style=\"margin-top: 0; margin-bottom: 0; vertical-align: middle;\"><span style=\"font-family: Calibri; font-size: 11.0pt;\">Forst\u00e5else + indblik i menneskelige forhold og milj\u00f8er<\/span><\/li>\n<\/ul>\n<p style=\"margin: 0in; font-family: Calibri; font-size: 11.0pt;\">\n<p style=\"margin: 0in; font-family: Calibri; font-size: 11.0pt;\">Jeg er en h\u00e6r og denne dokumentar serie p\u00e5 fire afsnit, kan perspektiveres til hinanden, ligesom at dokumentaren Armadillo ogs\u00e5 kan bruges til perspektivering.<\/p>\n<p style=\"margin: 0in; font-family: Calibri; font-size: 11.0pt;\">Jeg er en h\u00e6r noter findes i opgaven om jeg er en h\u00e6r<\/p>\n\n","protected":false},"excerpt":{"rendered":"<p>Fakta om virkeligheden, information, oplevelsesmulighed Iscenesat virkelighed Fakta + fiktion Forst\u00e5else + indblik i menneskelige forhold og milj\u00f8er Jeg er en h\u00e6r og denne dokumentar serie p\u00e5 fire afsnit, kan perspektiveres til hinanden, ligesom at dokumentaren Armadillo ogs\u00e5 kan bruges til perspektivering. Jeg er en h\u00e6r noter findes i opgaven om jeg er en h\u00e6r<\/p>\n","protected":false},"author":1,"featured_media":0,"parent":33,"menu_order":0,"comment_status":"closed","ping_status":"closed","template":"","meta":[],"yoast_head":"<!-- This site is optimized with the Yoast SEO plugin v16.5 - https:\/\/yoast.com\/wordpress\/plugins\/seo\/ -->\n<title>Min krig - dokumentar - HHX opgaver og notater<\/title>\n<meta name=\"robots\" content=\"index, follow, max-snippet:-1, max-image-preview:large, max-video-preview:-1\" \/>\n<link rel=\"canonical\" href=\"https:\/\/rentabilitet.dk\/opgaver\/dansk-notater\/min-krig-dokumentar\/\" \/>\n<meta property=\"og:locale\" content=\"da_DK\" \/>\n<meta property=\"og:type\" content=\"article\" \/>\n<meta property=\"og:title\" content=\"Min krig - dokumentar - HHX opgaver og notater\" \/>\n<meta property=\"og:description\" content=\"Fakta om virkeligheden, information, oplevelsesmulighed Iscenesat virkelighed Fakta + fiktion Forst\u00e5else + indblik i menneskelige forhold og milj\u00f8er Jeg er en h\u00e6r og denne dokumentar serie p\u00e5 fire afsnit, kan perspektiveres til hinanden, ligesom at dokumentaren Armadillo ogs\u00e5 kan bruges til perspektivering. Jeg er en h\u00e6r noter findes i opgaven om jeg er en h\u00e6r\" \/>\n<meta property=\"og:url\" content=\"https:\/\/rentabilitet.dk\/opgaver\/dansk-notater\/min-krig-dokumentar\/\" \/>\n<meta property=\"og:site_name\" content=\"HHX opgaver og notater\" \/>\n<meta name=\"twitter:card\" content=\"summary\" \/>\n<script type=\"application\/ld+json\" class=\"yoast-schema-graph\">{\"@context\":\"https:\/\/schema.org\",\"@graph\":[{\"@type\":\"WebSite\",\"@id\":\"https:\/\/rentabilitet.dk\/opgaver\/#website\",\"url\":\"https:\/\/rentabilitet.dk\/opgaver\/\",\"name\":\"HHX opgaver og notater\",\"description\":\"F\\u00e5 adgang til 12-tals opgaver samt notater fra forhenv\\u00e6rende hhx elever. Helt gratis.\",\"potentialAction\":[{\"@type\":\"SearchAction\",\"target\":\"https:\/\/rentabilitet.dk\/opgaver\/?s={search_term_string}\",\"query-input\":\"required name=search_term_string\"}],\"inLanguage\":\"da-DK\"},{\"@type\":\"WebPage\",\"@id\":\"https:\/\/rentabilitet.dk\/opgaver\/dansk-notater\/min-krig-dokumentar\/#webpage\",\"url\":\"https:\/\/rentabilitet.dk\/opgaver\/dansk-notater\/min-krig-dokumentar\/\",\"name\":\"Min krig - dokumentar - HHX opgaver og notater\",\"isPartOf\":{\"@id\":\"https:\/\/rentabilitet.dk\/opgaver\/#website\"},\"datePublished\":\"2017-01-15T13:49:57+00:00\",\"dateModified\":\"2017-01-15T13:49:57+00:00\",\"breadcrumb\":{\"@id\":\"https:\/\/rentabilitet.dk\/opgaver\/dansk-notater\/min-krig-dokumentar\/#breadcrumb\"},\"inLanguage\":\"da-DK\",\"potentialAction\":[{\"@type\":\"ReadAction\",\"target\":[\"https:\/\/rentabilitet.dk\/opgaver\/dansk-notater\/min-krig-dokumentar\/\"]}]},{\"@type\":\"BreadcrumbList\",\"@id\":\"https:\/\/rentabilitet.dk\/opgaver\/dansk-notater\/min-krig-dokumentar\/#breadcrumb\",\"itemListElement\":[{\"@type\":\"ListItem\",\"position\":1,\"name\":\"Hjem\",\"item\":\"https:\/\/rentabilitet.dk\/opgaver\/\"},{\"@type\":\"ListItem\",\"position\":2,\"name\":\"Dansk notater\",\"item\":\"https:\/\/rentabilitet.dk\/opgaver\/dansk-notater\/\"},{\"@type\":\"ListItem\",\"position\":3,\"name\":\"Min krig &#8211; dokumentar\"}]}]}<\/script>\n<!-- \/ Yoast SEO plugin. -->","_links":{"self":[{"href":"https:\/\/rentabilitet.dk\/opgaver\/wp-json\/wp\/v2\/pages\/462"}],"collection":[{"href":"https:\/\/rentabilitet.dk\/opgaver\/wp-json\/wp\/v2\/pages"}],"about":[{"href":"https:\/\/rentabilitet.dk\/opgaver\/wp-json\/wp\/v2\/types\/page"}],"author":[{"embeddable":true,"href":"https:\/\/rentabilitet.dk\/opgaver\/wp-json\/wp\/v2\/users\/1"}],"replies":[{"embeddable":true,"href":"https:\/\/rentabilitet.dk\/opgaver\/wp-json\/wp\/v2\/comments?post=462"}],"version-history":[{"count":1,"href":"https:\/\/rentabilitet.dk\/opgaver\/wp-json\/wp\/v2\/pages\/462\/revisions"}],"predecessor-version":[{"id":463,"href":"https:\/\/rentabilitet.dk\/opgaver\/wp-json\/wp\/v2\/pages\/462\/revisions\/463"}],"up":[{"embeddable":true,"href":"https:\/\/rentabilitet.dk\/opgaver\/wp-json\/wp\/v2\/pages\/33"}],"wp:attachment":[{"href":"https:\/\/rentabilitet.dk\/opgaver\/wp-json\/wp\/v2\/media?parent=462"}],"curies":[{"name":"wp","href":"https:\/\/api.w.org\/{rel}","templated":true}]}}