{"id":458,"date":"2017-01-15T13:49:17","date_gmt":"2017-01-15T13:49:17","guid":{"rendered":"http:\/\/rentabilitet.dk\/opgaver\/?page_id=458"},"modified":"2017-01-15T13:49:17","modified_gmt":"2017-01-15T13:49:17","slug":"begyndelsen-af-1960erne","status":"publish","type":"page","link":"https:\/\/rentabilitet.dk\/opgaver\/dansk-notater\/begyndelsen-af-1960erne\/","title":{"rendered":"Begyndelsen af 1960&#8217;erne"},"content":{"rendered":"<p style=\"margin: 0in; font-family: Calibri; font-size: 11.0pt;\">Den utilpassede ungdom<\/p>\n<p style=\"margin: 0in; font-family: Calibri; font-size: 11.0pt;\"><span style=\"font-weight: bold;\">Den<\/span> <span style=\"font-weight: bold;\">kroniske<\/span> <span style=\"font-weight: bold;\">uskyld<\/span><\/p>\n<ul style=\"margin-left: .375in; direction: ltr; unicode-bidi: embed; margin-top: 0in; margin-bottom: 0in;\" type=\"disc\">\n<li style=\"margin-top: 0; margin-bottom: 0; vertical-align: middle;\"><span style=\"font-family: Calibri; font-size: 11.0pt;\">Jeg roman = overgang fra barn til voksen<\/span><\/li>\n<\/ul>\n<ul style=\"margin-left: .375in; direction: ltr; unicode-bidi: embed; margin-top: 0in; margin-bottom: 0in;\" type=\"disc\">\n<li style=\"margin-top: 0; margin-bottom: 0; vertical-align: middle;\"><span style=\"font-family: Calibri; font-size: 11.0pt;\">Udtryk for den unge generations forhold til tilv\u00e6relsen<\/span><\/li>\n<li style=\"margin-top: 0; margin-bottom: 0; vertical-align: middle;\"><span style=\"font-family: Calibri; font-size: 11.0pt;\">Realisme <\/span><\/li>\n<\/ul>\n<p style=\"margin: 0in; font-family: Calibri; font-size: 11.0pt;\">\n<p style=\"margin: 0in; font-family: Calibri; font-size: 11.0pt;\"><span style=\"font-weight: bold;\">Modernismen<\/span><\/p>\n<ul style=\"margin-left: .375in; direction: ltr; unicode-bidi: embed; margin-top: 0in; margin-bottom: 0in;\" type=\"disc\">\n<li style=\"margin-top: 0; margin-bottom: 0; vertical-align: middle;\"><span style=\"font-family: Calibri; font-size: 11.0pt;\">I lyrikken(digtene) vender de op og ned p\u00e5 det normale sprog<\/span><\/li>\n<\/ul>\n<ul style=\"margin-left: .375in; direction: ltr; unicode-bidi: embed; margin-top: 0in; margin-bottom: 0in;\" type=\"disc\">\n<li style=\"margin-top: 0; margin-bottom: 0; vertical-align: middle;\"><span style=\"font-family: Calibri; font-size: 11.0pt;\">Kritik af normerne<\/span><\/li>\n<li style=\"margin-top: 0; margin-bottom: 0; vertical-align: middle;\"><span style=\"font-family: Calibri; font-size: 11.0pt;\">Vil vise misforholdet mellem menneskers indre behov og den ydre virkelighed<\/span><\/li>\n<\/ul>\n<ul style=\"margin-left: .375in; direction: ltr; unicode-bidi: embed; margin-top: 0in; margin-bottom: 0in;\" type=\"disc\">\n<li style=\"margin-top: 0; margin-bottom: 0; vertical-align: middle;\"><span style=\"font-family: Calibri; font-size: 11.0pt;\">Tema: <\/span><span style=\"font-weight: bold; font-family: Calibri; font-size: 11.0pt;\">Fremmedg\u00f8relse<\/span>\n<ul style=\"margin-left: .375in; direction: ltr; unicode-bidi: embed; margin-top: 0in; margin-bottom: 0in;\" type=\"circle\">\n<li style=\"margin-top: 0; margin-bottom: 0; vertical-align: middle;\"><span style=\"font-family: Calibri; font-size: 11.0pt;\">Verden mister sin sammenh\u00e6ng<\/span><\/li>\n<\/ul>\n<\/li>\n<ul style=\"margin-left: .375in; direction: ltr; unicode-bidi: embed; margin-top: 0in; margin-bottom: 0in;\" type=\"circle\">\n<li style=\"margin-top: 0; margin-bottom: 0; vertical-align: middle;\"><span style=\"font-family: Calibri; font-size: 11.0pt;\">Verden f\u00f8les opsplittet og meningsl\u00f8s<\/span><\/li>\n<li style=\"margin-top: 0; margin-bottom: 0; vertical-align: middle;\"><span style=\"font-family: Calibri; font-size: 11.0pt;\">At f\u00f8le sig fremmedgjort<\/span><\/li>\n<\/ul>\n<\/ul>\n\n","protected":false},"excerpt":{"rendered":"<p>Den utilpassede ungdom Den kroniske uskyld Jeg roman = overgang fra barn til voksen Udtryk for den unge generations forhold til tilv\u00e6relsen Realisme Modernismen I lyrikken(digtene) vender de op og ned p\u00e5 det normale sprog Kritik af normerne Vil vise misforholdet mellem menneskers indre behov og den ydre virkelighed Tema: Fremmedg\u00f8relse Verden mister sin sammenh\u00e6ng<a class=\"moretag\" href=\"https:\/\/rentabilitet.dk\/opgaver\/dansk-notater\/begyndelsen-af-1960erne\/\"><span class=\"screen-reader-text\">L\u00e6s mere omBegyndelsen af 1960&#8217;erne<\/span>[&#8230;]<\/a><\/p>\n","protected":false},"author":1,"featured_media":0,"parent":33,"menu_order":0,"comment_status":"closed","ping_status":"closed","template":"","meta":[],"yoast_head":"<!-- This site is optimized with the Yoast SEO plugin v16.5 - https:\/\/yoast.com\/wordpress\/plugins\/seo\/ -->\n<title>Begyndelsen af 1960&#039;erne - HHX opgaver og notater<\/title>\n<meta name=\"robots\" content=\"index, follow, max-snippet:-1, max-image-preview:large, max-video-preview:-1\" \/>\n<link rel=\"canonical\" href=\"https:\/\/rentabilitet.dk\/opgaver\/dansk-notater\/begyndelsen-af-1960erne\/\" \/>\n<meta property=\"og:locale\" content=\"da_DK\" \/>\n<meta property=\"og:type\" content=\"article\" \/>\n<meta property=\"og:title\" content=\"Begyndelsen af 1960&#039;erne - HHX opgaver og notater\" \/>\n<meta property=\"og:description\" content=\"Den utilpassede ungdom Den kroniske uskyld Jeg roman = overgang fra barn til voksen Udtryk for den unge generations forhold til tilv\u00e6relsen Realisme Modernismen I lyrikken(digtene) vender de op og ned p\u00e5 det normale sprog Kritik af normerne Vil vise misforholdet mellem menneskers indre behov og den ydre virkelighed Tema: Fremmedg\u00f8relse Verden mister sin sammenh\u00e6ngL\u00e6s mere omBegyndelsen af 1960&#8217;erne[...]\" \/>\n<meta property=\"og:url\" content=\"https:\/\/rentabilitet.dk\/opgaver\/dansk-notater\/begyndelsen-af-1960erne\/\" \/>\n<meta property=\"og:site_name\" content=\"HHX opgaver og notater\" \/>\n<meta name=\"twitter:card\" content=\"summary\" \/>\n<script type=\"application\/ld+json\" class=\"yoast-schema-graph\">{\"@context\":\"https:\/\/schema.org\",\"@graph\":[{\"@type\":\"WebSite\",\"@id\":\"https:\/\/rentabilitet.dk\/opgaver\/#website\",\"url\":\"https:\/\/rentabilitet.dk\/opgaver\/\",\"name\":\"HHX opgaver og notater\",\"description\":\"F\\u00e5 adgang til 12-tals opgaver samt notater fra forhenv\\u00e6rende hhx elever. Helt gratis.\",\"potentialAction\":[{\"@type\":\"SearchAction\",\"target\":\"https:\/\/rentabilitet.dk\/opgaver\/?s={search_term_string}\",\"query-input\":\"required name=search_term_string\"}],\"inLanguage\":\"da-DK\"},{\"@type\":\"WebPage\",\"@id\":\"https:\/\/rentabilitet.dk\/opgaver\/dansk-notater\/begyndelsen-af-1960erne\/#webpage\",\"url\":\"https:\/\/rentabilitet.dk\/opgaver\/dansk-notater\/begyndelsen-af-1960erne\/\",\"name\":\"Begyndelsen af 1960'erne - HHX opgaver og notater\",\"isPartOf\":{\"@id\":\"https:\/\/rentabilitet.dk\/opgaver\/#website\"},\"datePublished\":\"2017-01-15T13:49:17+00:00\",\"dateModified\":\"2017-01-15T13:49:17+00:00\",\"breadcrumb\":{\"@id\":\"https:\/\/rentabilitet.dk\/opgaver\/dansk-notater\/begyndelsen-af-1960erne\/#breadcrumb\"},\"inLanguage\":\"da-DK\",\"potentialAction\":[{\"@type\":\"ReadAction\",\"target\":[\"https:\/\/rentabilitet.dk\/opgaver\/dansk-notater\/begyndelsen-af-1960erne\/\"]}]},{\"@type\":\"BreadcrumbList\",\"@id\":\"https:\/\/rentabilitet.dk\/opgaver\/dansk-notater\/begyndelsen-af-1960erne\/#breadcrumb\",\"itemListElement\":[{\"@type\":\"ListItem\",\"position\":1,\"name\":\"Hjem\",\"item\":\"https:\/\/rentabilitet.dk\/opgaver\/\"},{\"@type\":\"ListItem\",\"position\":2,\"name\":\"Dansk notater\",\"item\":\"https:\/\/rentabilitet.dk\/opgaver\/dansk-notater\/\"},{\"@type\":\"ListItem\",\"position\":3,\"name\":\"Begyndelsen af 1960&#8217;erne\"}]}]}<\/script>\n<!-- \/ Yoast SEO plugin. -->","_links":{"self":[{"href":"https:\/\/rentabilitet.dk\/opgaver\/wp-json\/wp\/v2\/pages\/458"}],"collection":[{"href":"https:\/\/rentabilitet.dk\/opgaver\/wp-json\/wp\/v2\/pages"}],"about":[{"href":"https:\/\/rentabilitet.dk\/opgaver\/wp-json\/wp\/v2\/types\/page"}],"author":[{"embeddable":true,"href":"https:\/\/rentabilitet.dk\/opgaver\/wp-json\/wp\/v2\/users\/1"}],"replies":[{"embeddable":true,"href":"https:\/\/rentabilitet.dk\/opgaver\/wp-json\/wp\/v2\/comments?post=458"}],"version-history":[{"count":1,"href":"https:\/\/rentabilitet.dk\/opgaver\/wp-json\/wp\/v2\/pages\/458\/revisions"}],"predecessor-version":[{"id":459,"href":"https:\/\/rentabilitet.dk\/opgaver\/wp-json\/wp\/v2\/pages\/458\/revisions\/459"}],"up":[{"embeddable":true,"href":"https:\/\/rentabilitet.dk\/opgaver\/wp-json\/wp\/v2\/pages\/33"}],"wp:attachment":[{"href":"https:\/\/rentabilitet.dk\/opgaver\/wp-json\/wp\/v2\/media?parent=458"}],"curies":[{"name":"wp","href":"https:\/\/api.w.org\/{rel}","templated":true}]}}