{"id":1146,"date":"2017-04-17T09:18:10","date_gmt":"2017-04-17T09:18:10","guid":{"rendered":"http:\/\/rentabilitet.dk\/opgaver\/?page_id=1146"},"modified":"2017-04-30T11:50:56","modified_gmt":"2017-04-30T11:50:56","slug":"c-niveau-virksomhedens-indtjening","status":"publish","type":"page","link":"https:\/\/rentabilitet.dk\/opgaver\/virksomhedsoekonomi-notater\/c-niveau\/c-niveau-virksomhedens-indtjening\/","title":{"rendered":"Virksomhedens indtjening"},"content":{"rendered":"<p>Kap 8. Virksomhedens indtjening<\/p>\n<p>8.1 D\u00e6kningsbidrag og d\u00e6kningsgrad<\/p>\n<p><b>D\u00e6kningsbidrag<\/b><\/p>\n<ul>\n<li>Det man tjener p\u00e5 at s\u00e6lge varen(det der er tilbage efter de variable omkostninger er trukket fra)<\/li>\n<\/ul>\n<p><b>D\u00e6kningsbidrag pr. enhed<\/b><\/p>\n<ul>\n<li>Viser hvor meget virksomheden tjener n\u00e5r den s\u00e6lger et stk. af et produkt<\/li>\n<\/ul>\n<ul>\n<li>Forskellen mellem produktets salgspris og produktets variable enhedsomkostning<\/li>\n<\/ul>\n<ul>\n<li><b>Salgspris &#8211; variable enhedsomkostning<\/b><\/li>\n<\/ul>\n<p><b>D\u00e6kningsbidrag i alt<\/b><\/p>\n<ul>\n<li>Viser hvor meget der tjenes p\u00e5 et parti varer eller samlet set for hele virksomheden<\/li>\n<li>Viser hvor meget der er tilbage af oms\u00e6tningen n\u00e5r de variable omkostninger er d\u00e6kket<\/li>\n<li>Forskellen mellem oms\u00e6tningen og de variable omkostninger i alt<\/li>\n<\/ul>\n<ul>\n<li><b>Oms\u00e6tning &#8211; variable omkostninger i alt<\/b><\/li>\n<\/ul>\n<p><b>D\u00e6kningsgrad<\/b><\/p>\n<ul>\n<li>Et n\u00f8gletal der viser hvor meget d\u00e6kningsbidraget udg\u00f8r i procent af salgsprisen eller af oms\u00e6tningen<\/li>\n<\/ul>\n<p><b>Beregning af d\u00e6kningsgrad for et enkelt produkt:<\/b><\/p>\n<ul style=\"margin-left: .375in; direction: ltr; unicode-bidi: embed; margin-top: 0in; margin-bottom: 0in;\" type=\"disc\">\n<li style=\"vertical-align: middle; margin: 0pt 0pt 10pt 0pt;\"><!--[endif]-->\n<p id=\"RNsSPjW\"><img loading=\"lazy\" width=\"337\" height=\"29\" class=\"alignnone size-full wp-image-1149 \" src=\"http:\/\/rentabilitet.dk\/opgaver\/wp-content\/uploads\/2017\/04\/img_58f487d5050aa.png\" alt=\"\" srcset=\"https:\/\/rentabilitet.dk\/opgaver\/wp-content\/uploads\/2017\/04\/img_58f487d5050aa.png 337w, https:\/\/rentabilitet.dk\/opgaver\/wp-content\/uploads\/2017\/04\/img_58f487d5050aa-300x26.png 300w\" sizes=\"(max-width: 337px) 100vw, 337px\" \/><\/p>\n<\/li>\n<\/ul>\n<p><b>Beregning af d\u00e6kningsgrad for et vareparti<\/b><\/p>\n<ul>\n<li>\n<p id=\"OoKwcqC\"><img loading=\"lazy\" class=\"alignnone  wp-image-1150 \" src=\"http:\/\/rentabilitet.dk\/opgaver\/wp-content\/uploads\/2017\/04\/img_58f487e9ba9fb.png\" alt=\"\" width=\"337\" height=\"31\" srcset=\"https:\/\/rentabilitet.dk\/opgaver\/wp-content\/uploads\/2017\/04\/img_58f487e9ba9fb.png 315w, https:\/\/rentabilitet.dk\/opgaver\/wp-content\/uploads\/2017\/04\/img_58f487e9ba9fb-300x28.png 300w\" sizes=\"(max-width: 337px) 100vw, 337px\" \/><\/p>\n<\/li>\n<\/ul>\n<p>8.2 Nulpunktsberegner<\/p>\n<p><b>Nulpunktafs\u00e6tningen<\/b><\/p>\n<ul>\n<li>Det en virksomhed mindst skal s\u00e6lge\/afs\u00e6tte af et produkt for, for at f\u00e5 d\u00e6kket sine kapacitetsomkostninger<br \/>\n<!--[endif]--><\/li>\n<li>\n<p id=\"CWklcOW\"><img loading=\"lazy\" width=\"457\" height=\"29\" class=\"alignnone size-full wp-image-1151 \" src=\"http:\/\/rentabilitet.dk\/opgaver\/wp-content\/uploads\/2017\/04\/img_58f4880f3a940.png\" alt=\"\" srcset=\"https:\/\/rentabilitet.dk\/opgaver\/wp-content\/uploads\/2017\/04\/img_58f4880f3a940.png 457w, https:\/\/rentabilitet.dk\/opgaver\/wp-content\/uploads\/2017\/04\/img_58f4880f3a940-300x19.png 300w\" sizes=\"(max-width: 457px) 100vw, 457px\" \/><\/p>\n<\/li>\n<\/ul>\n<p><b>Reklamenulpunkt<\/b><\/p>\n<ul>\n<li>Det antal stk. virksomheden mindst skal s\u00e6lge f\u00f8r det kan betale sig at bruge reklame<br \/>\n<!--[endif]--><\/li>\n<\/ul>\n<ul>\n<li>\n<p id=\"tkzsvmi\"><img loading=\"lazy\" width=\"321\" height=\"29\" class=\"alignnone size-full wp-image-1152 \" src=\"http:\/\/rentabilitet.dk\/opgaver\/wp-content\/uploads\/2017\/04\/img_58f48826684a8.png\" alt=\"\" srcset=\"https:\/\/rentabilitet.dk\/opgaver\/wp-content\/uploads\/2017\/04\/img_58f48826684a8.png 321w, https:\/\/rentabilitet.dk\/opgaver\/wp-content\/uploads\/2017\/04\/img_58f48826684a8-300x27.png 300w\" sizes=\"(max-width: 321px) 100vw, 321px\" \/><\/p>\n<\/li>\n<\/ul>\n<p><b>Nulpunktsoms\u00e6tning<\/b><\/p>\n<ul>\n<li>Det en virksomhed mindst skal oms\u00e6tte for i en periode, for at f\u00e5 d\u00e6kket sine omkostninger, og dermed f\u00e5 overskud<br \/>\n<!--[endif]--><\/li>\n<li>\n<p id=\"BwDkKJG\"><img loading=\"lazy\" width=\"435\" height=\"29\" class=\"alignnone size-full wp-image-1153 \" src=\"http:\/\/rentabilitet.dk\/opgaver\/wp-content\/uploads\/2017\/04\/img_58f488377bf81.png\" alt=\"\" srcset=\"https:\/\/rentabilitet.dk\/opgaver\/wp-content\/uploads\/2017\/04\/img_58f488377bf81.png 435w, https:\/\/rentabilitet.dk\/opgaver\/wp-content\/uploads\/2017\/04\/img_58f488377bf81-300x20.png 300w\" sizes=\"(max-width: 435px) 100vw, 435px\" \/><\/p>\n<\/li>\n<\/ul>\n<p>8.3 Virksomhedens resultat<\/p>\n<p><b>Resultatbudget<\/b><\/p>\n<ul>\n<li>Forventede indt\u00e6gter og omkostninger det kommende \u00e5r<\/li>\n<\/ul>\n<p><b>Resultatopg\u00f8relse<\/b><\/p>\n<ul>\n<li>En virksomheds faktiske indt\u00e6gter og omkostninger for det forl\u00f8bne \u00e5r<\/li>\n<\/ul>\n<p><b>D\u00e6kningsbidraget <\/b><\/p>\n<ul>\n<li>Viser hvor meget virksomheden forventer at tjene p\u00e5 de varer der indg\u00e5r i virksomhedens sortiment<\/li>\n<\/ul>\n<ul>\n<li>Den andel af oms\u00e6tningen der er tilbage til d\u00e6kning af virksomhedens kontante kapacitetsomkostninger, afskrivninger, renteomkostninger og overskud<\/li>\n<\/ul>\n<p><b>Indtjeningsbidraget<\/b><\/p>\n<ul>\n<li>Virksomhedens d\u00e6kningsbidrag minus kontante kapacitetsomkostninger(lokaleomkostninger, reparationer og vedligeholdelse, salgsfremmende omkostninger, funktion\u00e6rl\u00f8nninger osv.)<\/li>\n<\/ul>\n<p><b>Resultat af den prim\u00e6re drift<\/b><\/p>\n<ul>\n<li>Afskrivninger minus indtjeningsbidrag<\/li>\n<\/ul>\n<p><b>\u00c5rets resultat<\/b><\/p>\n<ul>\n<li>Resultat af den prim\u00e6re drift, minus finansielle omkostninger<\/li>\n<\/ul>\n<p><b>Bruttoavanceprocent <\/b><\/p>\n<ul>\n<li>Viser hvor meget bruttofortjenesten udg\u00f8r i procent af oms\u00e6tningen<br \/>\n<!--[endif]--><\/li>\n<li>\n<p id=\"ooHOdmJ\"><img loading=\"lazy\" width=\"235\" height=\"38\" class=\"alignnone size-full wp-image-1154 \" src=\"http:\/\/rentabilitet.dk\/opgaver\/wp-content\/uploads\/2017\/04\/img_58f4884899218.png\" alt=\"\" \/><\/p>\n<\/li>\n<\/ul>\n\n","protected":false},"excerpt":{"rendered":"<p>Kap 8. Virksomhedens indtjening 8.1 D\u00e6kningsbidrag og d\u00e6kningsgrad D\u00e6kningsbidrag Det man tjener p\u00e5 at s\u00e6lge varen(det der er tilbage efter de variable omkostninger er trukket fra) D\u00e6kningsbidrag pr. enhed Viser hvor meget virksomheden tjener n\u00e5r den s\u00e6lger et stk. af et produkt Forskellen mellem produktets salgspris og produktets variable enhedsomkostning Salgspris &#8211; variable enhedsomkostning D\u00e6kningsbidrag<a class=\"moretag\" href=\"https:\/\/rentabilitet.dk\/opgaver\/virksomhedsoekonomi-notater\/c-niveau\/c-niveau-virksomhedens-indtjening\/\"><span class=\"screen-reader-text\">L\u00e6s mere omVirksomhedens indtjening<\/span>[&#8230;]<\/a><\/p>\n","protected":false},"author":1,"featured_media":0,"parent":1364,"menu_order":0,"comment_status":"closed","ping_status":"closed","template":"","meta":[],"yoast_head":"<!-- This site is optimized with the Yoast SEO plugin v16.5 - https:\/\/yoast.com\/wordpress\/plugins\/seo\/ -->\n<title>Virksomhedens indtjening - HHX opgaver og notater<\/title>\n<meta name=\"robots\" content=\"index, follow, max-snippet:-1, max-image-preview:large, max-video-preview:-1\" \/>\n<link rel=\"canonical\" href=\"https:\/\/rentabilitet.dk\/opgaver\/virksomhedsoekonomi-notater\/c-niveau\/c-niveau-virksomhedens-indtjening\/\" \/>\n<meta property=\"og:locale\" content=\"da_DK\" \/>\n<meta property=\"og:type\" content=\"article\" \/>\n<meta property=\"og:title\" content=\"Virksomhedens indtjening - HHX opgaver og notater\" \/>\n<meta property=\"og:description\" content=\"Kap 8. Virksomhedens indtjening 8.1 D\u00e6kningsbidrag og d\u00e6kningsgrad D\u00e6kningsbidrag Det man tjener p\u00e5 at s\u00e6lge varen(det der er tilbage efter de variable omkostninger er trukket fra) D\u00e6kningsbidrag pr. enhed Viser hvor meget virksomheden tjener n\u00e5r den s\u00e6lger et stk. af et produkt Forskellen mellem produktets salgspris og produktets variable enhedsomkostning Salgspris &#8211; variable enhedsomkostning D\u00e6kningsbidragL\u00e6s mere omVirksomhedens indtjening[...]\" \/>\n<meta property=\"og:url\" content=\"https:\/\/rentabilitet.dk\/opgaver\/virksomhedsoekonomi-notater\/c-niveau\/c-niveau-virksomhedens-indtjening\/\" \/>\n<meta property=\"og:site_name\" content=\"HHX opgaver og notater\" \/>\n<meta property=\"article:modified_time\" content=\"2017-04-30T11:50:56+00:00\" \/>\n<meta property=\"og:image\" content=\"http:\/\/rentabilitet.dk\/opgaver\/wp-content\/uploads\/2017\/04\/img_58f487d5050aa.png\" \/>\n<meta name=\"twitter:card\" content=\"summary\" \/>\n<meta name=\"twitter:label1\" content=\"Estimeret l\u00e6setid\" \/>\n\t<meta name=\"twitter:data1\" content=\"2 minutter\" \/>\n<script type=\"application\/ld+json\" class=\"yoast-schema-graph\">{\"@context\":\"https:\/\/schema.org\",\"@graph\":[{\"@type\":\"WebSite\",\"@id\":\"https:\/\/rentabilitet.dk\/opgaver\/#website\",\"url\":\"https:\/\/rentabilitet.dk\/opgaver\/\",\"name\":\"HHX opgaver og notater\",\"description\":\"F\\u00e5 adgang til 12-tals opgaver samt notater fra forhenv\\u00e6rende hhx elever. Helt gratis.\",\"potentialAction\":[{\"@type\":\"SearchAction\",\"target\":\"https:\/\/rentabilitet.dk\/opgaver\/?s={search_term_string}\",\"query-input\":\"required name=search_term_string\"}],\"inLanguage\":\"da-DK\"},{\"@type\":\"ImageObject\",\"@id\":\"https:\/\/rentabilitet.dk\/opgaver\/virksomhedsoekonomi-notater\/c-niveau\/c-niveau-virksomhedens-indtjening\/#primaryimage\",\"inLanguage\":\"da-DK\",\"url\":\"http:\/\/rentabilitet.dk\/opgaver\/wp-content\/uploads\/2017\/04\/img_58f487d5050aa.png\",\"contentUrl\":\"http:\/\/rentabilitet.dk\/opgaver\/wp-content\/uploads\/2017\/04\/img_58f487d5050aa.png\"},{\"@type\":\"WebPage\",\"@id\":\"https:\/\/rentabilitet.dk\/opgaver\/virksomhedsoekonomi-notater\/c-niveau\/c-niveau-virksomhedens-indtjening\/#webpage\",\"url\":\"https:\/\/rentabilitet.dk\/opgaver\/virksomhedsoekonomi-notater\/c-niveau\/c-niveau-virksomhedens-indtjening\/\",\"name\":\"Virksomhedens indtjening - HHX opgaver og notater\",\"isPartOf\":{\"@id\":\"https:\/\/rentabilitet.dk\/opgaver\/#website\"},\"primaryImageOfPage\":{\"@id\":\"https:\/\/rentabilitet.dk\/opgaver\/virksomhedsoekonomi-notater\/c-niveau\/c-niveau-virksomhedens-indtjening\/#primaryimage\"},\"datePublished\":\"2017-04-17T09:18:10+00:00\",\"dateModified\":\"2017-04-30T11:50:56+00:00\",\"breadcrumb\":{\"@id\":\"https:\/\/rentabilitet.dk\/opgaver\/virksomhedsoekonomi-notater\/c-niveau\/c-niveau-virksomhedens-indtjening\/#breadcrumb\"},\"inLanguage\":\"da-DK\",\"potentialAction\":[{\"@type\":\"ReadAction\",\"target\":[\"https:\/\/rentabilitet.dk\/opgaver\/virksomhedsoekonomi-notater\/c-niveau\/c-niveau-virksomhedens-indtjening\/\"]}]},{\"@type\":\"BreadcrumbList\",\"@id\":\"https:\/\/rentabilitet.dk\/opgaver\/virksomhedsoekonomi-notater\/c-niveau\/c-niveau-virksomhedens-indtjening\/#breadcrumb\",\"itemListElement\":[{\"@type\":\"ListItem\",\"position\":1,\"name\":\"Hjem\",\"item\":\"https:\/\/rentabilitet.dk\/opgaver\/\"},{\"@type\":\"ListItem\",\"position\":2,\"name\":\"Virksomheds\\u00f8konomi notater\",\"item\":\"https:\/\/rentabilitet.dk\/opgaver\/virksomhedsoekonomi-notater\/\"},{\"@type\":\"ListItem\",\"position\":3,\"name\":\"C niveau\",\"item\":\"https:\/\/rentabilitet.dk\/opgaver\/virksomhedsoekonomi-notater\/c-niveau\/\"},{\"@type\":\"ListItem\",\"position\":4,\"name\":\"Virksomhedens indtjening\"}]}]}<\/script>\n<!-- \/ Yoast SEO plugin. -->","_links":{"self":[{"href":"https:\/\/rentabilitet.dk\/opgaver\/wp-json\/wp\/v2\/pages\/1146"}],"collection":[{"href":"https:\/\/rentabilitet.dk\/opgaver\/wp-json\/wp\/v2\/pages"}],"about":[{"href":"https:\/\/rentabilitet.dk\/opgaver\/wp-json\/wp\/v2\/types\/page"}],"author":[{"embeddable":true,"href":"https:\/\/rentabilitet.dk\/opgaver\/wp-json\/wp\/v2\/users\/1"}],"replies":[{"embeddable":true,"href":"https:\/\/rentabilitet.dk\/opgaver\/wp-json\/wp\/v2\/comments?post=1146"}],"version-history":[{"count":2,"href":"https:\/\/rentabilitet.dk\/opgaver\/wp-json\/wp\/v2\/pages\/1146\/revisions"}],"predecessor-version":[{"id":1376,"href":"https:\/\/rentabilitet.dk\/opgaver\/wp-json\/wp\/v2\/pages\/1146\/revisions\/1376"}],"up":[{"embeddable":true,"href":"https:\/\/rentabilitet.dk\/opgaver\/wp-json\/wp\/v2\/pages\/1364"}],"wp:attachment":[{"href":"https:\/\/rentabilitet.dk\/opgaver\/wp-json\/wp\/v2\/media?parent=1146"}],"curies":[{"name":"wp","href":"https:\/\/api.w.org\/{rel}","templated":true}]}}